{"id":2,"date":"2015-08-04T12:26:51","date_gmt":"2015-08-04T12:26:51","guid":{"rendered":"http:\/\/wp424m.a10-52-158-154.qa.plesk.ru\/wordpress\/?page_id=2"},"modified":"2023-08-25T16:12:02","modified_gmt":"2023-08-25T16:12:02","slug":"sample-page","status":"publish","type":"page","link":"http:\/\/parafia.jaworzyna.net\/wordpress\/","title":{"rendered":"Kontakt"},"content":{"rendered":"<p style=\"text-align: center;\"><span style=\"color: #000000;\"><span style=\"font-size: 18pt;\"><strong>Parafia Rzymskokatolicka<br><\/strong><\/span><span style=\"font-size: 18pt;\"><strong>pod wezwaniem<br>\u015awi\u0119tego J\u00f3zefa Oblubie\u0144ca Naj\u015bwi\u0119tszej Maryi Panny<br>ul. Wolno\u015bci 1<br><\/strong><\/span><\/span><span style=\"color: #000000;\"><span style=\"font-size: 18pt;\"><strong>58-140 Jaworzyna \u015al\u0105ska<\/strong><\/span><\/span><\/p>\n<p style=\"text-align: center;\"><span style=\"color: #000000;\"><span style=\"font-size: 18pt;\">Telefon: <\/span><span style=\"font-size: 18pt;\">74 858 81 62<\/span><\/span><\/p>\n<p>&nbsp;<\/p>\n<p style=\"text-align: center;\"><span style=\"font-size: 18pt; color: #000000;\"><strong>PORZ\u0104DEK MSZY \u015aWI\u0118TYCH<\/strong><\/span><\/p>\n<p>&nbsp;<\/p>\n<h1 style=\"text-align: center;\"><span style=\"color: #000000;\"><span style=\"color: #ff0000;\">NIEDZIELA:&nbsp; <\/span><\/span><\/h1>\n<p style=\"text-align: center;\"><span style=\"font-size: 18pt; color: #000000;\"><strong>7:30<\/strong><\/span><\/p>\n<p style=\"text-align: center;\"><span style=\"font-size: 18pt; color: #000000;\"><strong>9:00 &#8211; PASIECZNA<\/strong><\/span><\/p>\n<p style=\"text-align: center;\"><span style=\"font-size: 18pt; color: #000000;\"><strong>10:00<\/strong><\/span><\/p>\n<p style=\"text-align: center;\"><span style=\"color: #000000;\"><span style=\"font-size: 18pt;\"><strong>11<\/strong><\/span><span style=\"font-size: 18pt;\"><strong>:15&nbsp;<\/strong><\/span><\/span><\/p>\n<p style=\"text-align: center;\"><span style=\"font-size: 18pt; color: #000000;\"><strong>&nbsp; 19:00 &nbsp;<\/strong><\/span><\/p>\n<p>&nbsp;<\/p>\n<h2 style=\"text-align: center;\"><span style=\"color: #000000;\"><span style=\"color: #ff0000;\">DNI POWSZEDNIE<\/span>:<\/span><\/h2>\n<h3 style=\"text-align: center;\"><span style=\"color: #000000;\">Poniedzia\u0142ek &#8211; 8:00 i 17:30<\/span><\/h3>\n<h3 style=\"text-align: center;\"><span style=\"color: #000000;\">Wtorek &#8211; 8:00 i 17:30<\/span><\/h3>\n<h3 style=\"text-align: center;\"><span style=\"color: #000000;\">\u015aroda &#8211; 8:00 i 17:30<\/span><\/h3>\n<h3 style=\"text-align: center;\"><span style=\"color: #000000;\">Czwartek &#8211; 8:00 i 17:30&nbsp;<\/span><\/h3>\n<h3 style=\"text-align: center;\"><span style=\"color: #000000;\">Pi\u0105tek &#8211; 15:00 (Adoracja Naj\u015bwi\u0119tszego Sakramentu od 15.30 do 17.30) i 17.30<\/span><\/h3>\n<h3 style=\"text-align: center;\"><span style=\"color: #000000;\">(Spowied\u017a od 17.00 do 17.30)&nbsp;<\/span><\/h3>\n<h3 style=\"text-align: center;\"><span style=\"color: #000000;\">Sobota &#8211; 8:00 i [17:30 &#8211; jako Msza \u015awi\u0119ta niedzielna]<\/span><\/h3>\n<h3 style=\"text-align: center;\">&nbsp;<\/h3>\n<h1 style=\"text-align: center;\"><span style=\"color: #ff0000;\">SPOWIED\u0179 \u015aWI\u0118TA<\/span><\/h1>\n<h2 style=\"text-align: center;\"><span style=\"font-size: 18pt; color: #000000;\"><strong>Dni powszednie:<\/strong> <\/span><\/h2>\n<h3 style=\"text-align: center;\"><em><span style=\"font-size: 18pt; color: #000000;\"><strong>15 minut przed Msz\u0105 \u015awi\u0119t\u0105<\/strong><\/span><\/em><\/h3>\n<h4>&nbsp;<\/h4>\n<h2 style=\"text-align: center;\"><strong>PI\u0104TEK &#8211; od 17:00 do 17:30<\/strong><\/h2>\n<p>&nbsp;<\/p>\n<h2 style=\"text-align: center;\"><span style=\"font-size: 18pt; color: #000000;\"><strong>Niedziela:<\/strong><\/span><\/h2>\n<h4 style=\"text-align: center;\"><strong>7:30 &#8211; w trakcie Mszy \u015awi\u0119tej<\/strong><\/h4>\n<h4 style=\"text-align: center;\"><strong>10:00 &#8211; w trakcie Mszy \u015awi\u0119tej<\/strong><\/h4>\n<h4 style=\"text-align: center;\"><strong>11:15 &#8211; w trakcie Mszy \u015awi\u0119tej<\/strong><\/h4>\n<h4 style=\"text-align: center;\"><strong>19:00 &#8211; przed Msz\u0105 \u015awi\u0119t\u0105<\/strong><\/h4>\n<p>&nbsp;<\/p>\n<p style=\"text-align: center;\"><span style=\"font-size: 18pt; color: #000000;\">Numer konta:<br>52 9531 1032 2008 8000 6835 0001<br>(Bank Sp\u00f3\u0142dzielczy w \u015awidnicy) <\/span><\/p>\n<p>&nbsp;<\/p>\n<p style=\"text-align: left;\">FORMULARZ KONTAKTOWY:<\/p>\n\n<div class=\"wpcf7 no-js\" id=\"wpcf7-f6093-o1\" lang=\"pl-PL\" dir=\"ltr\" data-wpcf7-id=\"6093\">\n<div class=\"screen-reader-response\"><p role=\"status\" aria-live=\"polite\" aria-atomic=\"true\"><\/p> <ul><\/ul><\/div>\n<form action=\"\/wordpress\/index.php?rest_route=%2Fwp%2Fv2%2Fpages%2F2#wpcf7-f6093-o1\" method=\"post\" class=\"wpcf7-form init\" aria-label=\"Formularz kontaktowy\" novalidate=\"novalidate\" data-status=\"init\">\n<fieldset class=\"hidden-fields-container\"><input type=\"hidden\" name=\"_wpcf7\" value=\"6093\" \/><input type=\"hidden\" name=\"_wpcf7_version\" value=\"6.1.5\" \/><input type=\"hidden\" name=\"_wpcf7_locale\" value=\"pl_PL\" \/><input type=\"hidden\" name=\"_wpcf7_unit_tag\" value=\"wpcf7-f6093-o1\" \/><input type=\"hidden\" name=\"_wpcf7_container_post\" value=\"0\" \/><input type=\"hidden\" name=\"_wpcf7_posted_data_hash\" value=\"\" \/><input type=\"hidden\" name=\"_wpcf7_recaptcha_response\" value=\"\" \/>\n<\/fieldset>\n<p><label> Imi\u0119 i nazwisko (wymagane)<br \/>\n<span class=\"wpcf7-form-control-wrap\" data-name=\"your-name\"><input size=\"40\" maxlength=\"400\" class=\"wpcf7-form-control wpcf7-text wpcf7-validates-as-required\" aria-required=\"true\" aria-invalid=\"false\" value=\"\" type=\"text\" name=\"your-name\" \/><\/span> <\/label>\n<\/p>\n<p><label> Adres e-mail (wymagane)<br \/>\n<span class=\"wpcf7-form-control-wrap\" data-name=\"your-email\"><input size=\"40\" maxlength=\"400\" class=\"wpcf7-form-control wpcf7-email wpcf7-validates-as-required wpcf7-text wpcf7-validates-as-email\" aria-required=\"true\" aria-invalid=\"false\" value=\"\" type=\"email\" name=\"your-email\" \/><\/span> <\/label>\n<\/p>\n<p><label> Tre\u015b\u0107 wiadomo\u015bci (wymagane)<br \/>\n<span class=\"wpcf7-form-control-wrap\" data-name=\"your-message\"><textarea cols=\"40\" rows=\"10\" maxlength=\"2000\" class=\"wpcf7-form-control wpcf7-textarea wpcf7-validates-as-required\" aria-required=\"true\" aria-invalid=\"false\" name=\"your-message\"><\/textarea><\/span> <\/label>\n<\/p>\n\n<p><input class=\"wpcf7-form-control wpcf7-submit has-spinner\" type=\"submit\" value=\"Wy\u015blij\" \/>\n<\/p><div class=\"wpcf7-response-output\" aria-hidden=\"true\"><\/div>\n<\/form>\n<\/div>\n\n<p style=\"text-align: center;\">Administrator:&nbsp; Parafia w Jaworzynie \u015al\u0105skiej<\/p>\n\n","protected":false},"excerpt":{"rendered":"<p>Parafia Rzymskokatolickapod wezwaniem\u015awi\u0119tego J\u00f3zefa Oblubie\u0144ca Naj\u015bwi\u0119tszej Maryi Pannyul. Wolno\u015bci 158-140 Jaworzyna \u015al\u0105ska Telefon: 74 858 81 62 &nbsp; PORZ\u0104DEK MSZY \u015aWI\u0118TYCH &nbsp; NIEDZIELA:&nbsp; 7:30 9:00 &#8211; PASIECZNA 10:00 11:15&nbsp; &nbsp; 19:00 &nbsp; &nbsp; DNI POWSZEDNIE: Poniedzia\u0142ek &#8211; 8:00 i 17:30 Wtorek &#8211; 8:00 i 17:30 \u015aroda &#8211; 8:00 i 17:30 Czwartek &#8211; 8:00 i 17:30&nbsp; [&hellip;]<\/p>\n","protected":false},"author":1,"featured_media":0,"parent":243,"menu_order":0,"comment_status":"closed","ping_status":"closed","template":"","meta":{"ngg_post_thumbnail":0,"footnotes":""},"class_list":["post-2","page","type-page","status-publish","hentry"],"_links":{"self":[{"href":"http:\/\/parafia.jaworzyna.net\/wordpress\/index.php?rest_route=\/wp\/v2\/pages\/2","targetHints":{"allow":["GET"]}}],"collection":[{"href":"http:\/\/parafia.jaworzyna.net\/wordpress\/index.php?rest_route=\/wp\/v2\/pages"}],"about":[{"href":"http:\/\/parafia.jaworzyna.net\/wordpress\/index.php?rest_route=\/wp\/v2\/types\/page"}],"author":[{"embeddable":true,"href":"http:\/\/parafia.jaworzyna.net\/wordpress\/index.php?rest_route=\/wp\/v2\/users\/1"}],"replies":[{"embeddable":true,"href":"http:\/\/parafia.jaworzyna.net\/wordpress\/index.php?rest_route=%2Fwp%2Fv2%2Fcomments&post=2"}],"version-history":[{"count":38,"href":"http:\/\/parafia.jaworzyna.net\/wordpress\/index.php?rest_route=\/wp\/v2\/pages\/2\/revisions"}],"predecessor-version":[{"id":7770,"href":"http:\/\/parafia.jaworzyna.net\/wordpress\/index.php?rest_route=\/wp\/v2\/pages\/2\/revisions\/7770"}],"up":[{"embeddable":true,"href":"http:\/\/parafia.jaworzyna.net\/wordpress\/index.php?rest_route=\/wp\/v2\/pages\/243"}],"wp:attachment":[{"href":"http:\/\/parafia.jaworzyna.net\/wordpress\/index.php?rest_route=%2Fwp%2Fv2%2Fmedia&parent=2"}],"curies":[{"name":"wp","href":"https:\/\/api.w.org\/{rel}","templated":true}]}}